{"id":10,"date":"2022-09-02T18:53:06","date_gmt":"2022-09-02T18:53:06","guid":{"rendered":"https:\/\/www.lightpower.cz\/?page_id=10"},"modified":"2026-04-15T12:18:54","modified_gmt":"2026-04-15T12:18:54","slug":"o","status":"publish","type":"page","link":"https:\/\/www.lightpower.cz\/","title":{"rendered":"Perfect electricity for healthcare"},"content":{"rendered":"\n<p><\/p>\n\n\n\n<div class=\"wp-block-cover\" style=\"min-height:871px;aspect-ratio:unset;\"><img loading=\"lazy\" decoding=\"async\" width=\"1024\" height=\"789\" class=\"wp-block-cover__image-background wp-image-147\" alt=\"\" src=\"http:\/\/www.lightpower.cz\/wp-content\/uploads\/2026\/04\/WhatsApp-Image-2025-11-03-at-22.00.56-3-1024x789.jpg\" data-object-fit=\"cover\" srcset=\"https:\/\/www.lightpower.cz\/wp-content\/uploads\/2026\/04\/WhatsApp-Image-2025-11-03-at-22.00.56-3-1024x789.jpg 1024w, https:\/\/www.lightpower.cz\/wp-content\/uploads\/2026\/04\/WhatsApp-Image-2025-11-03-at-22.00.56-3-300x231.jpg 300w, https:\/\/www.lightpower.cz\/wp-content\/uploads\/2026\/04\/WhatsApp-Image-2025-11-03-at-22.00.56-3-768x592.jpg 768w, https:\/\/www.lightpower.cz\/wp-content\/uploads\/2026\/04\/WhatsApp-Image-2025-11-03-at-22.00.56-3.jpg 1200w\" sizes=\"auto, (max-width: 1024px) 100vw, 1024px\" \/><span aria-hidden=\"true\" class=\"wp-block-cover__background has-background-dim\"><\/span><div class=\"wp-block-cover__inner-container is-layout-flow wp-block-cover-is-layout-flow\">\n<h1 class=\"wp-block-heading has-text-align-center has-large-font-size\">Zapojte se do sv\u011bta inovativn\u00edch \u0159e\u0161en\u00ed.<\/h1>\n\n\n\n<div class=\"wp-block-group\"><div class=\"wp-block-group__inner-container is-layout-constrained wp-block-group-is-layout-constrained\">\n<p class=\"has-text-align-center\">V\u00edtejte na na\u0161ich webov\u00fdch str\u00e1nk\u00e1ch, kde se specializujeme na poskytov\u00e1n\u00ed kvalitn\u00edch \u0159e\u0161en\u00ed v oblasti zdravotnictv\u00ed a inteligentn\u00edch elektroinstalac\u00ed v\u010detn\u011b speci\u00e1ln\u00edho osv\u011btlen\u00ed. Sna\u017e\u00edme se nejen spl\u0148ovat, ale i p\u0159ekra\u010dovat o\u010dek\u00e1v\u00e1n\u00ed na\u0161ich z\u00e1kazn\u00edk\u016f, proto\u017ee n\u00e1m z\u00e1le\u017e\u00ed na jejich spokojenosti a bezpe\u010dnosti.<\/p>\n<\/div><\/div>\n\n\n\n<div class=\"wp-block-group\"><div class=\"wp-block-group__inner-container is-layout-constrained wp-block-group-is-layout-constrained\">\n<div class=\"wp-block-buttons is-content-justification-center is-layout-flex wp-container-core-buttons-is-layout-16018d1d wp-block-buttons-is-layout-flex\">\n<div class=\"wp-block-button\"><a class=\"wp-block-button__link wp-element-button\" href=\"https:\/\/www.lightpower.cz\/?page_id=12\">V\u00edce<\/a><\/div>\n\n\n\n<div class=\"wp-block-button\"><a class=\"wp-block-button__link wp-element-button\" href=\"https:\/\/www.lightpower.cz\/?page_id=11\">Kontaktujte n\u00e1s<\/a><\/div>\n<\/div>\n<\/div><\/div>\n<\/div><\/div>\n\n\n\n<div style=\"height:100px\" aria-hidden=\"true\" class=\"wp-block-spacer\"><\/div>\n\n\n<div class=\"aligncenter wp-block-site-logo\"><a href=\"https:\/\/www.lightpower.cz\/\" class=\"custom-logo-link\" rel=\"home\"><img loading=\"lazy\" decoding=\"async\" width=\"298\" height=\"71\" src=\"https:\/\/www.lightpower.cz\/wp-content\/uploads\/2022\/09\/cropped-cropped-cropped-cropped-g322.png\" class=\"custom-logo\" alt=\"Light Power\" srcset=\"https:\/\/www.lightpower.cz\/wp-content\/uploads\/2022\/09\/cropped-cropped-cropped-cropped-g322.png 1917w, https:\/\/www.lightpower.cz\/wp-content\/uploads\/2022\/09\/cropped-cropped-cropped-cropped-g322-300x72.png 300w, https:\/\/www.lightpower.cz\/wp-content\/uploads\/2022\/09\/cropped-cropped-cropped-cropped-g322-1024x245.png 1024w, https:\/\/www.lightpower.cz\/wp-content\/uploads\/2022\/09\/cropped-cropped-cropped-cropped-g322-768x183.png 768w, https:\/\/www.lightpower.cz\/wp-content\/uploads\/2022\/09\/cropped-cropped-cropped-cropped-g322-1536x367.png 1536w\" sizes=\"auto, (max-width: 298px) 100vw, 298px\" \/><\/a><\/div>\n\n\n<div class=\"wp-block-group\"><div class=\"wp-block-group__inner-container is-layout-constrained wp-block-group-is-layout-constrained\"><\/div><\/div>\n\n\n\n<p><\/p>\n","protected":false},"excerpt":{"rendered":"","protected":false},"author":1,"featured_media":0,"parent":0,"menu_order":0,"comment_status":"closed","ping_status":"closed","template":"","meta":{"footnotes":""},"class_list":["post-10","page","type-page","status-publish","hentry"],"_links":{"self":[{"href":"https:\/\/www.lightpower.cz\/index.php?rest_route=\/wp\/v2\/pages\/10","targetHints":{"allow":["GET"]}}],"collection":[{"href":"https:\/\/www.lightpower.cz\/index.php?rest_route=\/wp\/v2\/pages"}],"about":[{"href":"https:\/\/www.lightpower.cz\/index.php?rest_route=\/wp\/v2\/types\/page"}],"author":[{"embeddable":true,"href":"https:\/\/www.lightpower.cz\/index.php?rest_route=\/wp\/v2\/users\/1"}],"replies":[{"embeddable":true,"href":"https:\/\/www.lightpower.cz\/index.php?rest_route=%2Fwp%2Fv2%2Fcomments&post=10"}],"version-history":[{"count":17,"href":"https:\/\/www.lightpower.cz\/index.php?rest_route=\/wp\/v2\/pages\/10\/revisions"}],"predecessor-version":[{"id":325,"href":"https:\/\/www.lightpower.cz\/index.php?rest_route=\/wp\/v2\/pages\/10\/revisions\/325"}],"wp:attachment":[{"href":"https:\/\/www.lightpower.cz\/index.php?rest_route=%2Fwp%2Fv2%2Fmedia&parent=10"}],"curies":[{"name":"wp","href":"https:\/\/api.w.org\/{rel}","templated":true}]}}